{"id":47,"date":"2025-04-03T09:32:13","date_gmt":"2025-04-03T06:32:13","guid":{"rendered":"http:\/\/www.ayasglobalmatbaa.com\/index.php\/wipehero-about-us\/"},"modified":"2025-04-03T15:34:53","modified_gmt":"2025-04-03T12:34:53","slug":"wipehero-about-us","status":"publish","type":"page","link":"http:\/\/www.ayasglobalmatbaa.com\/index.php\/wipehero-about-us\/","title":{"rendered":"WipeHero About Us"},"content":{"rendered":"\t\t<div data-elementor-type=\"wp-page\" data-elementor-id=\"47\" class=\"elementor elementor-47\">\n\t\t\t\t\t\t<section class=\"elementor-section elementor-top-section elementor-element elementor-element-00ac173 elementor-section-height-min-height elementor-section-boxed elementor-section-height-default elementor-section-items-middle\" data-id=\"00ac173\" data-element_type=\"section\" data-e-type=\"section\" data-settings=\"{&quot;background_background&quot;:&quot;classic&quot;}\">\n\t\t\t\t\t\t\t<div class=\"elementor-background-overlay\"><\/div>\n\t\t\t\t\t\t\t<div class=\"elementor-container elementor-column-gap-default\">\n\t\t\t\t\t<div class=\"elementor-column elementor-col-100 elementor-top-column elementor-element elementor-element-b6fa55a\" data-id=\"b6fa55a\" data-element_type=\"column\" data-e-type=\"column\">\n\t\t\t<div class=\"elementor-widget-wrap elementor-element-populated\">\n\t\t\t\t\t\t<div class=\"elementor-element elementor-element-99506c7 elementor-widget elementor-widget-heading\" data-id=\"99506c7\" data-element_type=\"widget\" data-e-type=\"widget\" data-widget_type=\"heading.default\">\n\t\t\t\t<div class=\"elementor-widget-container\">\n\t\t\t\t\t<h1 class=\"elementor-heading-title elementor-size-default\">Hakk\u0131m\u0131zda<\/h1>\t\t\t\t<\/div>\n\t\t\t\t<\/div>\n\t\t\t\t\t<\/div>\n\t\t<\/div>\n\t\t\t\t\t<\/div>\n\t\t<\/section>\n\t\t\t\t<section class=\"elementor-section elementor-top-section elementor-element elementor-element-942e4bd elementor-section-boxed elementor-section-height-default elementor-section-height-default\" data-id=\"942e4bd\" data-element_type=\"section\" data-e-type=\"section\">\n\t\t\t\t\t\t<div class=\"elementor-container elementor-column-gap-no\">\n\t\t\t\t\t<div class=\"elementor-column elementor-col-100 elementor-top-column elementor-element elementor-element-2d06e17\" data-id=\"2d06e17\" data-element_type=\"column\" data-e-type=\"column\">\n\t\t\t<div class=\"elementor-widget-wrap elementor-element-populated\">\n\t\t\t\t\t\t<section class=\"elementor-section elementor-inner-section elementor-element elementor-element-d49c36d elementor-section-content-middle elementor-section-boxed elementor-section-height-default elementor-section-height-default\" data-id=\"d49c36d\" data-element_type=\"section\" data-e-type=\"section\">\n\t\t\t\t\t\t<div class=\"elementor-container elementor-column-gap-default\">\n\t\t\t\t\t<div class=\"elementor-column elementor-col-50 elementor-inner-column elementor-element elementor-element-47cd197\" data-id=\"47cd197\" data-element_type=\"column\" data-e-type=\"column\">\n\t\t\t<div class=\"elementor-widget-wrap elementor-element-populated\">\n\t\t\t\t\t\t<div class=\"elementor-element elementor-element-b925b05 elementor-widget elementor-widget-image\" data-id=\"b925b05\" data-element_type=\"widget\" data-e-type=\"widget\" data-widget_type=\"image.default\">\n\t\t\t\t<div class=\"elementor-widget-container\">\n\t\t\t\t\t\t\t\t\t\t\t\t\t\t\t<img fetchpriority=\"high\" decoding=\"async\" width=\"475\" height=\"573\" src=\"http:\/\/www.ayasglobalmatbaa.com\/wp-content\/uploads\/2025\/04\/1.png\" class=\"attachment-full size-full wp-image-108\" alt=\"\" srcset=\"http:\/\/www.ayasglobalmatbaa.com\/wp-content\/uploads\/2025\/04\/1.png 475w, http:\/\/www.ayasglobalmatbaa.com\/wp-content\/uploads\/2025\/04\/1-249x300.png 249w\" sizes=\"(max-width: 475px) 100vw, 475px\" \/>\t\t\t\t\t\t\t\t\t\t\t\t\t\t\t<\/div>\n\t\t\t\t<\/div>\n\t\t\t\t<div class=\"elementor-element elementor-element-b886188 elementor-widget__width-initial elementor-absolute elementor-widget elementor-widget-image\" data-id=\"b886188\" data-element_type=\"widget\" data-e-type=\"widget\" data-settings=\"{&quot;_position&quot;:&quot;absolute&quot;}\" data-widget_type=\"image.default\">\n\t\t\t\t<div class=\"elementor-widget-container\">\n\t\t\t\t\t\t\t\t\t\t\t\t\t\t\t<img decoding=\"async\" width=\"171\" height=\"171\" src=\"http:\/\/www.ayasglobalmatbaa.com\/wp-content\/uploads\/2024\/03\/52194189-dooter-pettern-color.png\" class=\"attachment-full size-full wp-image-13\" alt=\"\" srcset=\"http:\/\/www.ayasglobalmatbaa.com\/wp-content\/uploads\/2024\/03\/52194189-dooter-pettern-color.png 171w, http:\/\/www.ayasglobalmatbaa.com\/wp-content\/uploads\/2024\/03\/52194189-dooter-pettern-color-150x150.png 150w, http:\/\/www.ayasglobalmatbaa.com\/wp-content\/uploads\/2024\/03\/52194189-dooter-pettern-color-100x100.png 100w\" sizes=\"(max-width: 171px) 100vw, 171px\" \/>\t\t\t\t\t\t\t\t\t\t\t\t\t\t\t<\/div>\n\t\t\t\t<\/div>\n\t\t\t\t<div class=\"elementor-element elementor-element-38d13a7 elementor-widget__width-initial elementor-absolute elementor-widget elementor-widget-image\" data-id=\"38d13a7\" data-element_type=\"widget\" data-e-type=\"widget\" data-settings=\"{&quot;_position&quot;:&quot;absolute&quot;}\" data-widget_type=\"image.default\">\n\t\t\t\t<div class=\"elementor-widget-container\">\n\t\t\t\t\t\t\t\t\t\t\t\t\t\t\t<img decoding=\"async\" width=\"171\" height=\"171\" src=\"http:\/\/www.ayasglobalmatbaa.com\/wp-content\/uploads\/2024\/03\/52194189-dooter-pettern-color.png\" class=\"attachment-full size-full wp-image-13\" alt=\"\" srcset=\"http:\/\/www.ayasglobalmatbaa.com\/wp-content\/uploads\/2024\/03\/52194189-dooter-pettern-color.png 171w, http:\/\/www.ayasglobalmatbaa.com\/wp-content\/uploads\/2024\/03\/52194189-dooter-pettern-color-150x150.png 150w, http:\/\/www.ayasglobalmatbaa.com\/wp-content\/uploads\/2024\/03\/52194189-dooter-pettern-color-100x100.png 100w\" sizes=\"(max-width: 171px) 100vw, 171px\" \/>\t\t\t\t\t\t\t\t\t\t\t\t\t\t\t<\/div>\n\t\t\t\t<\/div>\n\t\t\t\t<div class=\"elementor-element elementor-element-09291a9 elementor-widget__width-initial elementor-absolute elementor-widget elementor-widget-image\" data-id=\"09291a9\" data-element_type=\"widget\" data-e-type=\"widget\" data-settings=\"{&quot;_position&quot;:&quot;absolute&quot;}\" data-widget_type=\"image.default\">\n\t\t\t\t<div class=\"elementor-widget-container\">\n\t\t\t\t\t\t\t\t\t\t\t\t\t\t\t<img decoding=\"async\" width=\"144\" height=\"145\" src=\"http:\/\/www.ayasglobalmatbaa.com\/wp-content\/uploads\/2024\/03\/863c3cc9-polygon-3.png\" class=\"attachment-full size-full wp-image-14\" alt=\"\" srcset=\"http:\/\/www.ayasglobalmatbaa.com\/wp-content\/uploads\/2024\/03\/863c3cc9-polygon-3.png 144w, http:\/\/www.ayasglobalmatbaa.com\/wp-content\/uploads\/2024\/03\/863c3cc9-polygon-3-100x100.png 100w\" sizes=\"(max-width: 144px) 100vw, 144px\" \/>\t\t\t\t\t\t\t\t\t\t\t\t\t\t\t<\/div>\n\t\t\t\t<\/div>\n\t\t\t\t<div class=\"elementor-element elementor-element-afc459f elementor-widget__width-initial elementor-absolute elementor-widget elementor-widget-image\" data-id=\"afc459f\" data-element_type=\"widget\" data-e-type=\"widget\" data-settings=\"{&quot;_position&quot;:&quot;absolute&quot;}\" data-widget_type=\"image.default\">\n\t\t\t\t<div class=\"elementor-widget-container\">\n\t\t\t\t\t\t\t\t\t\t\t\t\t\t\t<img loading=\"lazy\" decoding=\"async\" width=\"40\" height=\"40\" src=\"http:\/\/www.ayasglobalmatbaa.com\/wp-content\/uploads\/2024\/03\/bbe2a82d-ellipse-20.png\" class=\"attachment-full size-full wp-image-15\" alt=\"\" \/>\t\t\t\t\t\t\t\t\t\t\t\t\t\t\t<\/div>\n\t\t\t\t<\/div>\n\t\t\t\t\t<\/div>\n\t\t<\/div>\n\t\t\t\t<div class=\"elementor-column elementor-col-50 elementor-inner-column elementor-element elementor-element-65ee7b8\" data-id=\"65ee7b8\" data-element_type=\"column\" data-e-type=\"column\">\n\t\t\t<div class=\"elementor-widget-wrap elementor-element-populated\">\n\t\t\t\t\t\t<div class=\"elementor-element elementor-element-9a982aa elementor-widget__width-initial elementor-absolute elementor-widget elementor-widget-image\" data-id=\"9a982aa\" data-element_type=\"widget\" data-e-type=\"widget\" data-settings=\"{&quot;_position&quot;:&quot;absolute&quot;}\" data-widget_type=\"image.default\">\n\t\t\t\t<div class=\"elementor-widget-container\">\n\t\t\t\t\t\t\t\t\t\t\t\t\t\t\t<img loading=\"lazy\" decoding=\"async\" width=\"40\" height=\"40\" src=\"http:\/\/www.ayasglobalmatbaa.com\/wp-content\/uploads\/2024\/03\/bbe2a82d-ellipse-20.png\" class=\"attachment-full size-full wp-image-15\" alt=\"\" \/>\t\t\t\t\t\t\t\t\t\t\t\t\t\t\t<\/div>\n\t\t\t\t<\/div>\n\t\t\t\t<div class=\"elementor-element elementor-element-6517833 elementor-widget__width-initial elementor-absolute elementor-widget elementor-widget-image\" data-id=\"6517833\" data-element_type=\"widget\" data-e-type=\"widget\" data-settings=\"{&quot;_position&quot;:&quot;absolute&quot;}\" data-widget_type=\"image.default\">\n\t\t\t\t<div class=\"elementor-widget-container\">\n\t\t\t\t\t\t\t\t\t\t\t\t\t\t\t<img loading=\"lazy\" decoding=\"async\" width=\"87\" height=\"88\" src=\"http:\/\/www.ayasglobalmatbaa.com\/wp-content\/uploads\/2024\/03\/f1b0f4e7-polygon-2.png\" class=\"attachment-full size-full wp-image-16\" alt=\"\" \/>\t\t\t\t\t\t\t\t\t\t\t\t\t\t\t<\/div>\n\t\t\t\t<\/div>\n\t\t\t\t<div class=\"elementor-element elementor-element-a76f34b elementor-widget__width-initial elementor-absolute elementor-widget elementor-widget-image\" data-id=\"a76f34b\" data-element_type=\"widget\" data-e-type=\"widget\" data-settings=\"{&quot;_position&quot;:&quot;absolute&quot;}\" data-widget_type=\"image.default\">\n\t\t\t\t<div class=\"elementor-widget-container\">\n\t\t\t\t\t\t\t\t\t\t\t\t\t\t\t<img loading=\"lazy\" decoding=\"async\" width=\"72\" height=\"72\" src=\"http:\/\/www.ayasglobalmatbaa.com\/wp-content\/uploads\/2024\/03\/15bc95a1-ellipse-23.png\" class=\"attachment-full size-full wp-image-17\" alt=\"\" \/>\t\t\t\t\t\t\t\t\t\t\t\t\t\t\t<\/div>\n\t\t\t\t<\/div>\n\t\t\t\t<div class=\"elementor-element elementor-element-6d12db5 elementor-invisible elementor-widget elementor-widget-heading\" data-id=\"6d12db5\" data-element_type=\"widget\" data-e-type=\"widget\" data-settings=\"{&quot;_animation&quot;:&quot;fadeInUp&quot;}\" data-widget_type=\"heading.default\">\n\t\t\t\t<div class=\"elementor-widget-container\">\n\t\t\t\t\t<span class=\"elementor-heading-title elementor-size-default\">HAKKIMIZDA<\/span>\t\t\t\t<\/div>\n\t\t\t\t<\/div>\n\t\t\t\t<div class=\"elementor-element elementor-element-d20c0c3 elementor-invisible elementor-widget elementor-widget-heading\" data-id=\"d20c0c3\" data-element_type=\"widget\" data-e-type=\"widget\" data-settings=\"{&quot;_animation&quot;:&quot;fadeInUp&quot;,&quot;_animation_delay&quot;:200}\" data-widget_type=\"heading.default\">\n\t\t\t\t<div class=\"elementor-widget-container\">\n\t\t\t\t\t<h2 class=\"elementor-heading-title elementor-size-default\">FIRMA<\/h2>\t\t\t\t<\/div>\n\t\t\t\t<\/div>\n\t\t\t\t<div class=\"elementor-element elementor-element-32eff71 elementor-invisible elementor-widget elementor-widget-heading\" data-id=\"32eff71\" data-element_type=\"widget\" data-e-type=\"widget\" data-settings=\"{&quot;_animation&quot;:&quot;fadeInUp&quot;,&quot;_animation_delay&quot;:300}\" data-widget_type=\"heading.default\">\n\t\t\t\t<div class=\"elementor-widget-container\">\n\t\t\t\t\t<p class=\"elementor-heading-title elementor-size-default\">Ka\u011f\u0131d\u0131 seviyoruz: kokusunu, elinizi \u00fczerinde gezdirdi\u011finizde verdi\u011fi hissi, sonsuz uygulama olanaklar\u0131n\u0131. Ayas Global Matbaa LTD olarak 5 y\u0131l\u0131 a\u015fk\u0131n s\u00fcredir kendimizi bu yenilenebilir do\u011fal hammaddeye adad\u0131k. \u0130\u00e7ini d\u0131\u015f\u0131n\u0131 biliyoruz ve ayn\u0131 zamanda onu her g\u00fcn yeniden ke\u015ffediyoruz.\n\nAntalya'da bulunan  firmam\u0131z \u00e7al\u0131\u015fan yakla\u015f\u0131k 25 personelimiz, her y\u0131l 1.200 tondan fazla hammaddenin yenilik\u00e7i etiket ka\u011f\u0131d\u0131 veya esnek ambalaj ka\u011f\u0131d\u0131 olarak yeni bir hayata ba\u015flamas\u0131n\u0131 sa\u011fl\u0131yor. \u0130ster do\u011fal kaynaklar\u0131m\u0131zla u\u011fra\u015f\u0131rken ister \u015firketimizi b\u00fcy\u00fctmek amac\u0131yla olsun, her zaman ileriye bak\u0131yor ve s\u00fcrd\u00fcr\u00fclebilir bir \u015fekilde hareket ediyoruz. Gelece\u011fe umutla bak\u0131yoruz. Ve bunun temelinde ka\u011f\u0131t oldu\u011funa inan\u0131yoruz.<\/p>\t\t\t\t<\/div>\n\t\t\t\t<\/div>\n\t\t\t\t<div class=\"elementor-element elementor-element-6fa4191 elementor-invisible elementor-widget elementor-widget-eael-creative-button\" data-id=\"6fa4191\" data-element_type=\"widget\" data-e-type=\"widget\" data-settings=\"{&quot;_animation&quot;:&quot;fadeInUp&quot;,&quot;_animation_delay&quot;:400}\" data-widget_type=\"eael-creative-button.default\">\n\t\t\t\t<div class=\"elementor-widget-container\">\n\t\t\t\t\t        <div class=\"eael-creative-button-wrapper\">\n\n            <a class=\"eael-creative-button eael-creative-button--rayen eael-cb-icon-position-\" href=\"http:\/\/www.ayasglobalmatbaa.com\/index.php\/wipehero-contact\/\" data-text=\"TIKLA\">\n            \t    \n                <div class=\"creative-button-inner\">\n\n                    \n                    <span class=\"cretive-button-text\">B\u0130ZE ULA\u015eIN<\/span>\n\n                                    <\/div>\n\t                        <\/a>\n        <\/div>\n        \t\t\t\t<\/div>\n\t\t\t\t<\/div>\n\t\t\t\t\t<\/div>\n\t\t<\/div>\n\t\t\t\t\t<\/div>\n\t\t<\/section>\n\t\t\t\t\t<\/div>\n\t\t<\/div>\n\t\t\t\t\t<\/div>\n\t\t<\/section>\n\t\t\t\t<section class=\"elementor-section elementor-top-section elementor-element elementor-element-189651e0 elementor-section-content-middle elementor-section-boxed elementor-section-height-default elementor-section-height-default\" data-id=\"189651e0\" data-element_type=\"section\" data-e-type=\"section\" id=\"footer_section\" data-settings=\"{&quot;background_background&quot;:&quot;classic&quot;}\">\n\t\t\t\t\t\t<div class=\"elementor-container elementor-column-gap-no\">\n\t\t\t\t\t<div class=\"elementor-column elementor-col-100 elementor-top-column elementor-element elementor-element-66b4f2ad\" data-id=\"66b4f2ad\" data-element_type=\"column\" data-e-type=\"column\">\n\t\t\t<div class=\"elementor-widget-wrap elementor-element-populated\">\n\t\t\t\t\t\t<section class=\"elementor-section elementor-inner-section elementor-element elementor-element-4b3fac14 elementor-section-boxed elementor-section-height-default elementor-section-height-default\" data-id=\"4b3fac14\" data-element_type=\"section\" data-e-type=\"section\" id=\"cta-section\">\n\t\t\t\t\t\t<div class=\"elementor-container elementor-column-gap-no\">\n\t\t\t\t\t<div class=\"elementor-column elementor-col-100 elementor-inner-column elementor-element elementor-element-77a03a07\" data-id=\"77a03a07\" data-element_type=\"column\" data-e-type=\"column\">\n\t\t\t<div class=\"elementor-widget-wrap elementor-element-populated\">\n\t\t\t\t\t\t<div class=\"elementor-element elementor-element-5c2eaee elementor-invisible elementor-widget elementor-widget-eael-cta-box\" data-id=\"5c2eaee\" data-element_type=\"widget\" data-e-type=\"widget\" data-settings=\"{&quot;_animation&quot;:&quot;zoomIn&quot;}\" data-widget_type=\"eael-cta-box.default\">\n\t\t\t\t<div class=\"elementor-widget-container\">\n\t\t\t\t\t\t\t\t<div class=\"eael-call-to-action cta-flex bg-lite cta-preset-1\">\n\t    <div class=\"content\">\n            <h2 class=\"title eael-cta-heading\">Misyonumuz<\/h2><p>Mukavemetli etiket ka\u011f\u0131d\u0131nda T\u00fcrkiye'ye pazar liderler\u0131nden olarak, kaliteden \u00f6d\u00fcn vermemeye ve m\u00fc\u015fterilerimize her zaman s\u00fcrd\u00fcr\u00fclebilir ve g\u00fcvenilir ka\u011f\u0131t \u00e7\u00f6z\u00fcmleri sunmaya kararl\u0131y\u0131z.<\/p><p>Yenilik\u00e7i kurum i\u00e7i geli\u015ftirmelerle s\u00fcrekli olarak yeni pazar trendleri belirliyoruz - bunlar onlarca y\u0131ll\u0131k pazar bilgisi ve m\u00fc\u015fterilerimize yak\u0131nl\u0131\u011f\u0131m\u0131zdan ilham al\u0131yor.<\/p>\t    <\/div>\n\t    <div class=\"action\">\n\t        <a class=\"cta-button cta-preset-1  effect-2\"><\/a>\t    <\/div>\n\t<\/div>\n\t\t\t\t\t\t\t<\/div>\n\t\t\t\t<\/div>\n\t\t\t\t\t<\/div>\n\t\t<\/div>\n\t\t\t\t\t<\/div>\n\t\t<\/section>\n\t\t\t\t\t<\/div>\n\t\t<\/div>\n\t\t\t\t\t<\/div>\n\t\t<\/section>\n\t\t<div class=\"elementor-element elementor-element-da6feae e-grid e-con-boxed e-con e-parent\" data-id=\"da6feae\" data-element_type=\"container\" data-e-type=\"container\">\n\t\t\t\t\t<div class=\"e-con-inner\">\n\t\t\t\t<div class=\"elementor-element elementor-element-cce283c elementor-widget elementor-widget-spacer\" data-id=\"cce283c\" data-element_type=\"widget\" data-e-type=\"widget\" data-widget_type=\"spacer.default\">\n\t\t\t\t<div class=\"elementor-widget-container\">\n\t\t\t\t\t\t\t<div class=\"elementor-spacer\">\n\t\t\t<div class=\"elementor-spacer-inner\"><\/div>\n\t\t<\/div>\n\t\t\t\t\t\t<\/div>\n\t\t\t\t<\/div>\n\t\t\t\t\t<\/div>\n\t\t\t\t<\/div>\n\t\t\t\t<section class=\"elementor-section elementor-top-section elementor-element elementor-element-abf30ce elementor-section-boxed elementor-section-height-default elementor-section-height-default\" data-id=\"abf30ce\" data-element_type=\"section\" data-e-type=\"section\" data-settings=\"{&quot;background_background&quot;:&quot;classic&quot;}\">\n\t\t\t\t\t\t<div class=\"elementor-container elementor-column-gap-no\">\n\t\t\t\t\t<div class=\"elementor-column elementor-col-100 elementor-top-column elementor-element elementor-element-262f294\" data-id=\"262f294\" data-element_type=\"column\" data-e-type=\"column\">\n\t\t\t<div class=\"elementor-widget-wrap elementor-element-populated\">\n\t\t\t\t\t\t<section class=\"elementor-section elementor-inner-section elementor-element elementor-element-48b6e18 elementor-section-content-middle elementor-reverse-mobile elementor-section-boxed elementor-section-height-default elementor-section-height-default\" data-id=\"48b6e18\" data-element_type=\"section\" data-e-type=\"section\">\n\t\t\t\t\t\t<div class=\"elementor-container elementor-column-gap-no\">\n\t\t\t\t\t<div class=\"elementor-column elementor-col-50 elementor-inner-column elementor-element elementor-element-f0c45b3\" data-id=\"f0c45b3\" data-element_type=\"column\" data-e-type=\"column\">\n\t\t\t<div class=\"elementor-widget-wrap elementor-element-populated\">\n\t\t\t\t\t\t<div class=\"elementor-element elementor-element-0664277 elementor-widget__width-initial elementor-absolute elementor-widget elementor-widget-image\" data-id=\"0664277\" data-element_type=\"widget\" data-e-type=\"widget\" data-settings=\"{&quot;_position&quot;:&quot;absolute&quot;}\" data-widget_type=\"image.default\">\n\t\t\t\t<div class=\"elementor-widget-container\">\n\t\t\t\t\t\t\t\t\t\t\t\t\t\t\t<img loading=\"lazy\" decoding=\"async\" width=\"201\" height=\"201\" src=\"http:\/\/www.ayasglobalmatbaa.com\/wp-content\/uploads\/2024\/03\/a8b09342-dooter-pettern.png\" class=\"attachment-full size-full wp-image-11\" alt=\"\" srcset=\"http:\/\/www.ayasglobalmatbaa.com\/wp-content\/uploads\/2024\/03\/a8b09342-dooter-pettern.png 201w, http:\/\/www.ayasglobalmatbaa.com\/wp-content\/uploads\/2024\/03\/a8b09342-dooter-pettern-150x150.png 150w, http:\/\/www.ayasglobalmatbaa.com\/wp-content\/uploads\/2024\/03\/a8b09342-dooter-pettern-100x100.png 100w\" sizes=\"(max-width: 201px) 100vw, 201px\" \/>\t\t\t\t\t\t\t\t\t\t\t\t\t\t\t<\/div>\n\t\t\t\t<\/div>\n\t\t\t\t<div class=\"elementor-element elementor-element-994d62d elementor-invisible elementor-widget elementor-widget-heading\" data-id=\"994d62d\" data-element_type=\"widget\" data-e-type=\"widget\" data-settings=\"{&quot;_animation&quot;:&quot;fadeInUp&quot;,&quot;_animation_delay&quot;:200}\" data-widget_type=\"heading.default\">\n\t\t\t\t<div class=\"elementor-widget-container\">\n\t\t\t\t\t<h2 class=\"elementor-heading-title elementor-size-default\">DO\u011eAL KA\u011eIT<\/h2>\t\t\t\t<\/div>\n\t\t\t\t<\/div>\n\t\t\t\t<div class=\"elementor-element elementor-element-9e8c860 elementor-invisible elementor-widget elementor-widget-heading\" data-id=\"9e8c860\" data-element_type=\"widget\" data-e-type=\"widget\" data-settings=\"{&quot;_animation&quot;:&quot;fadeInUp&quot;,&quot;_animation_delay&quot;:300}\" data-widget_type=\"heading.default\">\n\t\t\t\t<div class=\"elementor-widget-container\">\n\t\t\t\t\t<p class=\"elementor-heading-title elementor-size-default\">Ka\u011f\u0131t binlerce y\u0131ld\u0131r s\u00fcregelen bir gelene\u011fe sahiptir. Dokunmas\u0131 harikad\u0131r ve \u00e7ok \u00e7e\u015fitli uygulamalar i\u00e7in kullan\u0131labilir. Do\u011fal olarak yenilenebilir bir kaynak olarak kullan\u0131ld\u0131\u011f\u0131nda, ka\u011f\u0131t tek kelimeyle g\u00fczeldir. Ve \u201cdo\u011fal\u201d ka\u011f\u0131t, bu nedenle gelecekte hayat\u0131m\u0131z\u0131n pek \u00e7ok alan\u0131nda plasti\u011fe anlaml\u0131 bir alternatif olabilir. Ancak yaln\u0131zca bu do\u011fal olarak yenilenebilir hammaddenin s\u00fcrd\u00fcr\u00fclebilir ekonomik kullan\u0131m\u0131na s\u00fcrekli olarak dikkat etti\u011fimizde.\n\nBu nedenle, hammadde al\u0131m\u0131ndan m\u00fc\u015fterilerimize teslimata kadar t\u00fcm tedarik zincirimizin her alan\u0131nda \u00e7ok say\u0131da ad\u0131m uygulayarak ekolojik dengemizi s\u00fcrd\u00fcr\u00fclebilir bir \u015fekilde iyile\u015ftirmemiz bizim i\u00e7in a\u00e7\u0131klay\u0131c\u0131d\u0131r.<\/p>\t\t\t\t<\/div>\n\t\t\t\t<\/div>\n\t\t\t\t\t<\/div>\n\t\t<\/div>\n\t\t\t\t<div class=\"elementor-column elementor-col-50 elementor-inner-column elementor-element elementor-element-b49cb0a\" data-id=\"b49cb0a\" data-element_type=\"column\" data-e-type=\"column\">\n\t\t\t<div class=\"elementor-widget-wrap elementor-element-populated\">\n\t\t\t\t\t\t<div class=\"elementor-element elementor-element-f08c787 elementor-widget__width-initial elementor-absolute elementor-widget elementor-widget-image\" data-id=\"f08c787\" data-element_type=\"widget\" data-e-type=\"widget\" data-settings=\"{&quot;_position&quot;:&quot;absolute&quot;}\" data-widget_type=\"image.default\">\n\t\t\t\t<div class=\"elementor-widget-container\">\n\t\t\t\t\t\t\t\t\t\t\t\t\t\t\t<img loading=\"lazy\" decoding=\"async\" width=\"201\" height=\"201\" src=\"http:\/\/www.ayasglobalmatbaa.com\/wp-content\/uploads\/2024\/03\/a8b09342-dooter-pettern.png\" class=\"attachment-full size-full wp-image-11\" alt=\"\" srcset=\"http:\/\/www.ayasglobalmatbaa.com\/wp-content\/uploads\/2024\/03\/a8b09342-dooter-pettern.png 201w, http:\/\/www.ayasglobalmatbaa.com\/wp-content\/uploads\/2024\/03\/a8b09342-dooter-pettern-150x150.png 150w, http:\/\/www.ayasglobalmatbaa.com\/wp-content\/uploads\/2024\/03\/a8b09342-dooter-pettern-100x100.png 100w\" sizes=\"(max-width: 201px) 100vw, 201px\" \/>\t\t\t\t\t\t\t\t\t\t\t\t\t\t\t<\/div>\n\t\t\t\t<\/div>\n\t\t\t\t<div class=\"elementor-element elementor-element-178460b elementor-widget elementor-widget-image\" data-id=\"178460b\" data-element_type=\"widget\" data-e-type=\"widget\" data-widget_type=\"image.default\">\n\t\t\t\t<div class=\"elementor-widget-container\">\n\t\t\t\t\t\t\t\t\t\t\t\t\t\t\t<img loading=\"lazy\" decoding=\"async\" width=\"475\" height=\"603\" src=\"http:\/\/www.ayasglobalmatbaa.com\/wp-content\/uploads\/2025\/04\/Untitled-4.png\" class=\"attachment-full size-full wp-image-110\" alt=\"\" srcset=\"http:\/\/www.ayasglobalmatbaa.com\/wp-content\/uploads\/2025\/04\/Untitled-4.png 475w, http:\/\/www.ayasglobalmatbaa.com\/wp-content\/uploads\/2025\/04\/Untitled-4-236x300.png 236w\" sizes=\"(max-width: 475px) 100vw, 475px\" \/>\t\t\t\t\t\t\t\t\t\t\t\t\t\t\t<\/div>\n\t\t\t\t<\/div>\n\t\t\t\t<div class=\"elementor-element elementor-element-1994c9f elementor-widget__width-initial elementor-absolute elementor-widget elementor-widget-image\" data-id=\"1994c9f\" data-element_type=\"widget\" data-e-type=\"widget\" data-settings=\"{&quot;_position&quot;:&quot;absolute&quot;}\" data-widget_type=\"image.default\">\n\t\t\t\t<div class=\"elementor-widget-container\">\n\t\t\t\t\t\t\t\t\t\t\t\t\t\t\t<img loading=\"lazy\" decoding=\"async\" width=\"315\" height=\"415\" src=\"http:\/\/www.ayasglobalmatbaa.com\/wp-content\/uploads\/2025\/04\/Untitled-4E.png\" class=\"attachment-full size-full wp-image-111\" alt=\"\" srcset=\"http:\/\/www.ayasglobalmatbaa.com\/wp-content\/uploads\/2025\/04\/Untitled-4E.png 315w, http:\/\/www.ayasglobalmatbaa.com\/wp-content\/uploads\/2025\/04\/Untitled-4E-228x300.png 228w\" sizes=\"(max-width: 315px) 100vw, 315px\" \/>\t\t\t\t\t\t\t\t\t\t\t\t\t\t\t<\/div>\n\t\t\t\t<\/div>\n\t\t\t\t\t<\/div>\n\t\t<\/div>\n\t\t\t\t\t<\/div>\n\t\t<\/section>\n\t\t\t\t\t<\/div>\n\t\t<\/div>\n\t\t\t\t\t<\/div>\n\t\t<\/section>\n\t\t<div class=\"elementor-element elementor-element-33857f8 e-grid e-con-boxed e-con e-parent\" data-id=\"33857f8\" data-element_type=\"container\" data-e-type=\"container\">\n\t\t\t\t\t<div class=\"e-con-inner\">\n\t\t<div class=\"elementor-element elementor-element-131f30f e-grid e-con-full e-con e-child\" data-id=\"131f30f\" data-element_type=\"container\" data-e-type=\"container\">\n\t\t\t\t<\/div>\n\t\t\t\t\t<\/div>\n\t\t\t\t<\/div>\n\t\t\t\t<\/div>\n\t\t","protected":false},"excerpt":{"rendered":"<p>Hakk\u0131m\u0131zda HAKKIMIZDA FIRMA Ka\u011f\u0131d\u0131 seviyoruz: kokusunu, elinizi \u00fczerinde gezdirdi\u011finizde verdi\u011fi hissi, sonsuz uygulama olanaklar\u0131n\u0131. Ayas Global Matbaa LTD olarak 5 y\u0131l\u0131 a\u015fk\u0131n s\u00fcredir kendimizi bu yenilenebilir do\u011fal hammaddeye adad\u0131k. \u0130\u00e7ini d\u0131\u015f\u0131n\u0131 biliyoruz ve ayn\u0131 zamanda onu her g\u00fcn yeniden ke\u015ffediyoruz. Antalya&#8217;da bulunan firmam\u0131z \u00e7al\u0131\u015fan yakla\u015f\u0131k 25 personelimiz, her y\u0131l 1.200 tondan fazla hammaddenin yenilik\u00e7i etiket [&hellip;]<\/p>\n","protected":false},"author":1,"featured_media":0,"parent":0,"menu_order":0,"comment_status":"closed","ping_status":"closed","template":"elementor_header_footer","meta":{"footnotes":""},"class_list":["post-47","page","type-page","status-publish","hentry"],"_links":{"self":[{"href":"http:\/\/www.ayasglobalmatbaa.com\/index.php\/wp-json\/wp\/v2\/pages\/47","targetHints":{"allow":["GET"]}}],"collection":[{"href":"http:\/\/www.ayasglobalmatbaa.com\/index.php\/wp-json\/wp\/v2\/pages"}],"about":[{"href":"http:\/\/www.ayasglobalmatbaa.com\/index.php\/wp-json\/wp\/v2\/types\/page"}],"author":[{"embeddable":true,"href":"http:\/\/www.ayasglobalmatbaa.com\/index.php\/wp-json\/wp\/v2\/users\/1"}],"replies":[{"embeddable":true,"href":"http:\/\/www.ayasglobalmatbaa.com\/index.php\/wp-json\/wp\/v2\/comments?post=47"}],"version-history":[{"count":17,"href":"http:\/\/www.ayasglobalmatbaa.com\/index.php\/wp-json\/wp\/v2\/pages\/47\/revisions"}],"predecessor-version":[{"id":131,"href":"http:\/\/www.ayasglobalmatbaa.com\/index.php\/wp-json\/wp\/v2\/pages\/47\/revisions\/131"}],"wp:attachment":[{"href":"http:\/\/www.ayasglobalmatbaa.com\/index.php\/wp-json\/wp\/v2\/media?parent=47"}],"curies":[{"name":"wp","href":"https:\/\/api.w.org\/{rel}","templated":true}]}}